{"id":627,"date":"2025-03-20T16:13:19","date_gmt":"2025-03-20T13:13:19","guid":{"rendered":"http:\/\/www.demremetal.com\/?page_id=627"},"modified":"2025-03-21T13:29:59","modified_gmt":"2025-03-21T10:29:59","slug":"hakkimizda","status":"publish","type":"page","link":"http:\/\/www.demremetal.com\/index.php\/hakkimizda\/","title":{"rendered":"Hakk\u0131m\u0131zda"},"content":{"rendered":"\t\t<div data-elementor-type=\"wp-page\" data-elementor-id=\"627\" class=\"elementor elementor-627\">\n\t\t\t\t<div class=\"elementor-element elementor-element-33caf341 e-flex e-con-boxed e-con e-parent\" data-id=\"33caf341\" data-element_type=\"container\" data-e-type=\"container\">\n\t\t\t\t\t<div class=\"e-con-inner\">\n\t\t\t\t<div class=\"elementor-element elementor-element-9edff9c elementor-widget elementor-widget-text-editor\" data-id=\"9edff9c\" data-element_type=\"widget\" data-e-type=\"widget\" data-widget_type=\"text-editor.default\">\n\t\t\t\t<div class=\"elementor-widget-container\">\n\t\t\t\t\t\t\t\t\t\n<section class=\"container py-5\">\n<div class=\"row text-center pt-3\">\n<div class=\"col-lg-12 m-auto\">\n<h3>20 Y\u0131l \u00d6nce Temelleri At\u0131lan Firmam\u0131z;<\/h3>\n<p>Kadrosundaki gen\u00e7, dinamik ve uzman personeliyle, Muhtelif ebat ve g\u00f6z aral\u0131\u011f\u0131nda helezon \u00f6rg\u00fc teli,dikenli tel, kafes tel \u00fcretimi yapan fabrikas\u0131yla, TSE standartlar\u0131nda muhtelif uzunluk ve kal\u0131nl\u0131klarda d\u00f6k\u00fcm yap\u0131lan beton direk sahas\u0131yla, \u00c7evre d\u00fczenlemesi ve komple tel \u00e7it uygulama ve taahh\u00fctleriye, T\u00fcrkiye&#8217;nin her taraf\u0131nda hizmet verebilecek kapasitesiyle, Kaliteli, titiz hizmetleri ve ba\u015far\u0131larla dolu 15 y\u0131ll\u0131k ge\u00e7mi\u015fiyle, Siz de\u011ferli m\u00fc\u015fterilerine her zaman daha iyi hizmetler verebilmenin mutlulu\u011funu ya\u015f\u0131yoruz.<\/p>\n<\/div>\n<\/div>\n<\/section>\n<section class=\"container py-5\">\n<div class=\"row text-center pt-3\">\n<div class=\"col-lg-12 m-auto\">\n<br \/><br \/><h3>Kalite Politikam\u0131z<\/h3>\n<p>Bug\u00fcne kadar yapt\u0131\u011f\u0131m\u0131z i\u015flerde oldu\u011fu gibi bundan sonraki hizmetlerimizde de temel prensibimiz \u00fcretim ve hizmet kalitemizi m\u00fc\u015fterilerimize en uygun fiyatla sunmak ve her durumda ko\u015fulsuz m\u00fc\u015fteri memnuniyetini temel ilke olarak s\u00fcrd\u00fcrmektir. &#8220;Her m\u00fc\u015fteri yeni gelecek m\u00fc\u015fterinin \u00f6nc\u00fcs\u00fcd\u00fcr&#8221; bilincini ta\u015f\u0131mak ve bu bilinci her \u00e7al\u0131\u015fan\u0131m\u0131za benimsetmektir.. Birlikte \u00e7al\u0131\u015fabilmek dile\u011fiyle\u2026<\/p>\n<\/div>\n<\/div>\n<\/section>\n<section class=\"container py-5\">\n<div class=\"row text-center pt-3\">\n<div class=\"col-lg-12 m-auto\">\n<br \/><br \/><h3>Misyon<\/h3>\n<p>Demre Metal olarak Misyonumuz; ihtiyaca uygun \u00e7\u00f6z\u00fcmler sunarak tecr\u00fcbelerimizi siz de\u011ferli m\u00fc\u015fterilerimizle payla\u015fmak, \u00e7evreye duyarl\u0131 g\u00fcvenli \u00e7al\u0131\u015fma ortamlar\u0131 olu\u015fturmak, \u00e7evreyi ve do\u011fay\u0131 korumak, t\u00fcm bu ama\u00e7lar \u00e7er\u00e7evesinde yapt\u0131\u011f\u0131m\u0131z i\u015fin sorumlulu\u011funu alarak yeni, h\u0131zl\u0131 ve do\u011fru projeler geli\u015ftirmek ve ger\u00e7ekle\u015ftirmektir. Dekoratif panel \u00e7it, Tel \u00e7it imalatlar\u0131, Dikenli teller, Beton direkli tel \u00e7it, Beton \u00e7it direkleri, Boru direkli tel \u00e7it, Boru \u00e7it direkleri, Spor saha uygulamalar\u0131, Jiletli tel uygulamalar\u0131, Dekoratif \u00e7it teli, Ferforjeli \u00e7it kap\u0131lar\u0131, Ferforje uygulamalar\u0131 ve Tel \u00f6rme makinesi imalat\u0131 alanlar\u0131nda faaliyet g\u00f6steren firmam\u0131z, deneyimli kadrosu ve kaliteli \u00fcretimi ile sorunlar\u0131n\u0131za uygun b\u00fct\u00e7elerle ideal hizmet sunmay\u0131, uygun projelendirmeyi Misyon olarak benimsemi\u015ftir.<\/p>\n<\/div>\n<\/div>\n<\/section>\n<section class=\"container py-5\">\n<div class=\"row text-center pt-3\">\n<div class=\"col-lg-12 m-auto\">\n<br \/><br \/><h3>Vizyon<\/h3>\n<p>Demre Metal, sekt\u00f6r\u00fcnde s\u00fcrd\u00fcr\u00fclebilir kalk\u0131nmay\u0131 ve kaliteyi benimseyen \u00f6nc\u00fc bir kurum olarak, faaliyetlerinde insana ve \u00e7evreye duyarl\u0131 projelerle m\u00fc\u015fteri memnuniyetini sa\u011flamay\u0131 ilke edinmi\u015ftir. De\u011fi\u015fen ve geli\u015fen \u015fehir ya\u015fam\u0131n\u0131n gereksinimlerini kar\u015f\u0131lamak, \u00e7al\u0131\u015fma ve ya\u015fam alanlar\u0131n\u0131 estetik gereksinimler do\u011frultusunda korunakl\u0131 hale getirmek i\u00e7in, m\u00fc\u015fteri isteklerini deneyimlerimizle birle\u015ftirip hayal edilen tasar\u0131mlar\u0131 ger\u00e7ekle\u015ftirerek daha g\u00fczel bir \u00e7evre i\u00e7in hizmet vermekteyiz.<\/p>\n<\/div>\n<\/div>\n<\/section>\n\t\t\t\t\t\t\t\t<\/div>\n\t\t\t\t<\/div>\n\t\t\t\t\t<\/div>\n\t\t\t\t<\/div>\n\t\t\t\t<\/div>\n\t\t","protected":false},"excerpt":{"rendered":"<p>20 Y\u0131l \u00d6nce Temelleri At\u0131lan Firmam\u0131z; Kadrosundaki gen\u00e7, dinamik ve uzman personeliyle, Muhtelif ebat ve g\u00f6z aral\u0131\u011f\u0131nda helezon \u00f6rg\u00fc teli,dikenli tel, kafes tel \u00fcretimi yapan fabrikas\u0131yla, TSE standartlar\u0131nda muhtelif uzunluk ve kal\u0131nl\u0131klarda d\u00f6k\u00fcm yap\u0131lan beton direk sahas\u0131yla, \u00c7evre d\u00fczenlemesi ve komple tel \u00e7it uygulama ve taahh\u00fctleriye, T\u00fcrkiye&#8217;nin her taraf\u0131nda hizmet verebilecek kapasitesiyle, Kaliteli, titiz hizmetleri [&hellip;]<\/p>\n","protected":false},"author":1,"featured_media":0,"parent":0,"menu_order":0,"comment_status":"closed","ping_status":"closed","template":"","meta":{"footnotes":""},"class_list":["post-627","page","type-page","status-publish","hentry"],"blocksy_meta":[],"_links":{"self":[{"href":"http:\/\/www.demremetal.com\/index.php\/wp-json\/wp\/v2\/pages\/627","targetHints":{"allow":["GET"]}}],"collection":[{"href":"http:\/\/www.demremetal.com\/index.php\/wp-json\/wp\/v2\/pages"}],"about":[{"href":"http:\/\/www.demremetal.com\/index.php\/wp-json\/wp\/v2\/types\/page"}],"author":[{"embeddable":true,"href":"http:\/\/www.demremetal.com\/index.php\/wp-json\/wp\/v2\/users\/1"}],"replies":[{"embeddable":true,"href":"http:\/\/www.demremetal.com\/index.php\/wp-json\/wp\/v2\/comments?post=627"}],"version-history":[{"count":10,"href":"http:\/\/www.demremetal.com\/index.php\/wp-json\/wp\/v2\/pages\/627\/revisions"}],"predecessor-version":[{"id":689,"href":"http:\/\/www.demremetal.com\/index.php\/wp-json\/wp\/v2\/pages\/627\/revisions\/689"}],"wp:attachment":[{"href":"http:\/\/www.demremetal.com\/index.php\/wp-json\/wp\/v2\/media?parent=627"}],"curies":[{"name":"wp","href":"https:\/\/api.w.org\/{rel}","templated":true}]}}