{"id":631,"date":"2025-03-20T16:13:35","date_gmt":"2025-03-20T13:13:35","guid":{"rendered":"http:\/\/www.demremetal.com\/?page_id=631"},"modified":"2026-02-11T14:51:07","modified_gmt":"2026-02-11T11:51:07","slug":"iletisim","status":"publish","type":"page","link":"http:\/\/www.demremetal.com\/index.php\/iletisim\/","title":{"rendered":"\u0130leti\u015fim"},"content":{"rendered":"\t\t<div data-elementor-type=\"wp-page\" data-elementor-id=\"631\" class=\"elementor elementor-631\">\n\t\t\t\t<div class=\"elementor-element elementor-element-8c7477f e-flex e-con-boxed e-con e-parent\" data-id=\"8c7477f\" data-element_type=\"container\" data-e-type=\"container\">\n\t\t\t\t\t<div class=\"e-con-inner\">\n\t\t\t\t<div class=\"elementor-element elementor-element-1a49d55 elementor-widget elementor-widget-text-editor\" data-id=\"1a49d55\" data-element_type=\"widget\" data-e-type=\"widget\" data-widget_type=\"text-editor.default\">\n\t\t\t\t<div class=\"elementor-widget-container\">\n\t\t\t\t\t\t\t\t\t<iframe src=\"https:\/\/www.google.com\/maps\/embed?pb=!1m18!1m12!1m3!1d21460.7221611823!2d30.680719916038036!3d36.91054784138762!2m3!1f0!2f0!3f0!3m2!1i1024!2i768!4f13.1!3m3!1m2!1s0x14c38fe9baf8c2eb%3A0x181aa196ed22f2df!2sDEMRE%20METAL!5e0!3m2!1str!2str!4v1770810648057!5m2!1str!2str\" width=\"600\" height=\"450\" style=\"border:0;\" allowfullscreen=\"\" loading=\"lazy\" referrerpolicy=\"no-referrer-when-downgrade\"><\/iframe>\t\t\t\t\t\t\t\t<\/div>\n\t\t\t\t<\/div>\n\t\t\t\t\t<\/div>\n\t\t\t\t<\/div>\n\t\t<div class=\"elementor-element elementor-element-63ebeef e-flex e-con-boxed e-con e-parent\" data-id=\"63ebeef\" data-element_type=\"container\" data-e-type=\"container\">\n\t\t\t\t\t<div class=\"e-con-inner\">\n\t\t\t\t<div class=\"elementor-element elementor-element-4598c784 elementor-widget elementor-widget-text-editor\" data-id=\"4598c784\" data-element_type=\"widget\" data-e-type=\"widget\" data-widget_type=\"text-editor.default\">\n\t\t\t\t<div class=\"elementor-widget-container\">\n\t\t\t\t\t\t\t\t\t<p>Demre Metal Tel \u00d6rg\u00fc \u0130n\u015faat Emlak Otomotiv G\u0131da Turizm Sanayi Ve Ticaret Ltd. \u015eti.<br \/>Cumhuriyet Mah. Eski Sanayi Sitesi 690 Sk. No: 28 Muratpa\u015fa \/ Antalya<br \/>Tel: 0 242 334 86 22 &#8211; Fax: 0 242 345 02 02 &#8211; Cep: 0 533 331 20 22<\/p>\t\t\t\t\t\t\t\t<\/div>\n\t\t\t\t<\/div>\n\t\t\t\t\t<\/div>\n\t\t\t\t<\/div>\n\t\t\t\t<\/div>\n\t\t","protected":false},"excerpt":{"rendered":"<p>Demre Metal Tel \u00d6rg\u00fc \u0130n\u015faat Emlak Otomotiv G\u0131da Turizm Sanayi Ve Ticaret Ltd. \u015eti.Cumhuriyet Mah. Eski Sanayi Sitesi 690 Sk. No: 28 Muratpa\u015fa \/ AntalyaTel: 0 242 334 86 22 &#8211; Fax: 0 242 345 02 02 &#8211; Cep: 0 533 331 20 22<\/p>\n","protected":false},"author":1,"featured_media":0,"parent":0,"menu_order":0,"comment_status":"closed","ping_status":"closed","template":"","meta":{"footnotes":""},"class_list":["post-631","page","type-page","status-publish","hentry"],"blocksy_meta":[],"_links":{"self":[{"href":"http:\/\/www.demremetal.com\/index.php\/wp-json\/wp\/v2\/pages\/631","targetHints":{"allow":["GET"]}}],"collection":[{"href":"http:\/\/www.demremetal.com\/index.php\/wp-json\/wp\/v2\/pages"}],"about":[{"href":"http:\/\/www.demremetal.com\/index.php\/wp-json\/wp\/v2\/types\/page"}],"author":[{"embeddable":true,"href":"http:\/\/www.demremetal.com\/index.php\/wp-json\/wp\/v2\/users\/1"}],"replies":[{"embeddable":true,"href":"http:\/\/www.demremetal.com\/index.php\/wp-json\/wp\/v2\/comments?post=631"}],"version-history":[{"count":19,"href":"http:\/\/www.demremetal.com\/index.php\/wp-json\/wp\/v2\/pages\/631\/revisions"}],"predecessor-version":[{"id":746,"href":"http:\/\/www.demremetal.com\/index.php\/wp-json\/wp\/v2\/pages\/631\/revisions\/746"}],"wp:attachment":[{"href":"http:\/\/www.demremetal.com\/index.php\/wp-json\/wp\/v2\/media?parent=631"}],"curies":[{"name":"wp","href":"https:\/\/api.w.org\/{rel}","templated":true}]}}